{"id":38,"date":"2026-01-22T15:47:51","date_gmt":"2026-01-22T14:47:51","guid":{"rendered":"https:\/\/next.faltenrock-party.de\/?page_id=38"},"modified":"2026-04-24T10:28:38","modified_gmt":"2026-04-24T08:28:38","slug":"termine","status":"publish","type":"page","link":"https:\/\/faltenrock-party.de\/?page_id=38","title":{"rendered":"Termine"},"content":{"rendered":"\n<p><strong>Termine im G\u00e4ngeviertel<\/strong><br>Fabrique im G\u00e4ngeviertel, Valentinskamp 34a, 20355 Hamburg<\/p>\n\n\n\n<figure class=\"wp-block-image size-large is-resized\"><img loading=\"lazy\" decoding=\"async\" width=\"723\" height=\"1024\" src=\"https:\/\/faltenrock-party.de\/wp-content\/uploads\/2026\/02\/270e60921d-723x1024.jpeg\" alt=\"\" class=\"wp-image-93\" style=\"aspect-ratio:0.7060574790077401;width:486px;height:auto\" srcset=\"https:\/\/faltenrock-party.de\/wp-content\/uploads\/2026\/02\/270e60921d-723x1024.jpeg 723w, https:\/\/faltenrock-party.de\/wp-content\/uploads\/2026\/02\/270e60921d-212x300.jpeg 212w, https:\/\/faltenrock-party.de\/wp-content\/uploads\/2026\/02\/270e60921d-768x1088.jpeg 768w, https:\/\/faltenrock-party.de\/wp-content\/uploads\/2026\/02\/270e60921d.jpeg 847w\" sizes=\"auto, (max-width: 723px) 100vw, 723px\" \/><\/figure>\n\n\n\n<p>immer am letzten Sonntag eines jeden Monats (au\u00dfer im Juli und im Dezember, da f\u00e4llt der Faltenrock aus)<\/p>\n\n\n\n<p><\/p>\n\n\n\n<p><strong>26.04.2026<\/strong>, 17 &#8211; 21 Uhr in der Fabrique <\/p>\n\n\n\n<p><strong>31.05.2026<\/strong>, 17 &#8211; 21 Uhr in der Fabrique <\/p>\n\n\n\n<p><strong>28.06.2026<\/strong>, 17 &#8211; 21 Uhr in der Fabrique <\/p>\n\n\n\n<p>** Im Juli ist Sommerpause, es findet kein Faltenrock statt. **<\/p>\n\n\n\n<figure class=\"wp-block-image size-full\"><img loading=\"lazy\" decoding=\"async\" width=\"558\" height=\"55\" src=\"https:\/\/faltenrock-party.de\/wp-content\/uploads\/2026\/02\/Bildschirmfoto-2026-02-19-um-08.51.09-1.png\" alt=\"\" class=\"wp-image-102\" srcset=\"https:\/\/faltenrock-party.de\/wp-content\/uploads\/2026\/02\/Bildschirmfoto-2026-02-19-um-08.51.09-1.png 558w, https:\/\/faltenrock-party.de\/wp-content\/uploads\/2026\/02\/Bildschirmfoto-2026-02-19-um-08.51.09-1-300x30.png 300w\" sizes=\"auto, (max-width: 558px) 100vw, 558px\" \/><\/figure>\n\n\n\n<p><strong>Termine au\u00dferhalb des G\u00e4ngeviertels<\/strong><\/p>\n\n\n\n<p><\/p>\n\n\n\n<p><strong>April 2026<\/strong><\/p>\n\n\n\n<p><strong>Fr. 24.04.26<\/strong>, ab 19:30 Uhr, COBRA, Merscheider Str. 77-79<br>42699 Solingen<br><\/p>\n\n\n\n<p><strong>Mai 2026<\/strong><\/p>\n\n\n\n<p><strong>Fr. 08.05.2026,<\/strong> ab 18:30 Uhr im K\u00f6rberhaus, Holzhude 1, 21029 Hamburg-Bergedorf<\/p>\n\n\n\n<p><strong>So. 10.05.2026<\/strong>, 17:00 &#8211; 21:00 Uhr, Quarterpipe im Warftgeschoss, Versmannstra\u00dfe 66, 20457 Hamburg (Zugang \u00fcber Promenade, Versmannkai)<\/p>\n\n\n\n<p><strong>So. 17.05.26,<\/strong> ab 17 Uhr, B-Side, Am Mittelhafen 42, 48155 M\u00fcnster<br><\/p>\n\n\n\n<p><strong>Juni 2026<\/strong><\/p>\n\n\n\n<p><strong>Fr. 19.06.2026,<\/strong> ab 18:30 Uhr im K\u00f6rberhaus, Holzhude 1, 21029 Hamburg-Bergedorf<\/p>\n\n\n\n<p><strong>Sa. 20.04.26,<\/strong> ab 18 Uhr, B-Side, Am Mittelhafen 42, 48155 M\u00fcnster<\/p>\n","protected":false},"excerpt":{"rendered":"<p>Termine im G\u00e4ngeviertelFabrique im G\u00e4ngeviertel, Valentinskamp 34a, 20355 Hamburg immer am letzten Sonntag eines jeden Monats (au\u00dfer im Juli und im Dezember, da f\u00e4llt der Faltenrock aus) 26.04.2026, 17 &#8211; 21 Uhr in der Fabrique 31.05.2026, 17 &#8211; 21 Uhr in der Fabrique 28.06.2026, 17 &#8211; 21 Uhr in der Fabrique ** Im Juli ist [&hellip;]<\/p>\n","protected":false},"author":2,"featured_media":0,"parent":0,"menu_order":0,"comment_status":"closed","ping_status":"closed","template":"","meta":{"footnotes":""},"class_list":["post-38","page","type-page","status-publish","hentry"],"_links":{"self":[{"href":"https:\/\/faltenrock-party.de\/index.php?rest_route=\/wp\/v2\/pages\/38","targetHints":{"allow":["GET"]}}],"collection":[{"href":"https:\/\/faltenrock-party.de\/index.php?rest_route=\/wp\/v2\/pages"}],"about":[{"href":"https:\/\/faltenrock-party.de\/index.php?rest_route=\/wp\/v2\/types\/page"}],"author":[{"embeddable":true,"href":"https:\/\/faltenrock-party.de\/index.php?rest_route=\/wp\/v2\/users\/2"}],"replies":[{"embeddable":true,"href":"https:\/\/faltenrock-party.de\/index.php?rest_route=%2Fwp%2Fv2%2Fcomments&post=38"}],"version-history":[{"count":25,"href":"https:\/\/faltenrock-party.de\/index.php?rest_route=\/wp\/v2\/pages\/38\/revisions"}],"predecessor-version":[{"id":119,"href":"https:\/\/faltenrock-party.de\/index.php?rest_route=\/wp\/v2\/pages\/38\/revisions\/119"}],"wp:attachment":[{"href":"https:\/\/faltenrock-party.de\/index.php?rest_route=%2Fwp%2Fv2%2Fmedia&parent=38"}],"curies":[{"name":"wp","href":"https:\/\/api.w.org\/{rel}","templated":true}]}}